{"id":258,"date":"2021-08-23T19:37:49","date_gmt":"2021-08-23T19:37:49","guid":{"rendered":"https:\/\/calime.com.mx\/?page_id=258"},"modified":"2021-08-27T23:14:54","modified_gmt":"2021-08-27T23:14:54","slug":"about","status":"publish","type":"page","link":"https:\/\/calime.com.mx\/?page_id=258","title":{"rendered":"Quienes Somos"},"content":{"rendered":"\t\t<div data-elementor-type=\"wp-post\" data-elementor-id=\"258\" class=\"elementor elementor-258\">\n\t\t\t\t\t\t<section class=\"elementor-section elementor-top-section elementor-element elementor-element-1b5d768b elementor-section-content-middle elementor-section-boxed elementor-section-height-default elementor-section-height-default\" data-id=\"1b5d768b\" data-element_type=\"section\" data-settings=\"{&quot;background_background&quot;:&quot;classic&quot;}\">\n\t\t\t\t\t\t\t<div class=\"elementor-background-overlay\"><\/div>\n\t\t\t\t\t\t\t<div class=\"elementor-container elementor-column-gap-no\">\n\t\t\t\t\t<div class=\"elementor-column elementor-col-100 elementor-top-column elementor-element elementor-element-1608c15b\" data-id=\"1608c15b\" data-element_type=\"column\">\n\t\t\t<div class=\"elementor-widget-wrap elementor-element-populated\">\n\t\t\t\t\t\t<div class=\"elementor-element elementor-element-321a34b8 elementor-widget elementor-widget-heading\" data-id=\"321a34b8\" data-element_type=\"widget\" data-widget_type=\"heading.default\">\n\t\t\t\t<div class=\"elementor-widget-container\">\n\t\t\t\t\t<h1 class=\"elementor-heading-title elementor-size-default\">QUI\u00c9NES SOMOS<\/h1>\t\t\t\t<\/div>\n\t\t\t\t<\/div>\n\t\t\t\t\t<\/div>\n\t\t<\/div>\n\t\t\t\t\t<\/div>\n\t\t<\/section>\n\t\t\t\t<section class=\"elementor-section elementor-top-section elementor-element elementor-element-54dfedde elementor-section-content-top elementor-section-boxed elementor-section-height-default elementor-section-height-default\" data-id=\"54dfedde\" data-element_type=\"section\">\n\t\t\t\t\t\t<div class=\"elementor-container elementor-column-gap-no\">\n\t\t\t\t\t<div class=\"elementor-column elementor-col-50 elementor-top-column elementor-element elementor-element-3b5232b7\" data-id=\"3b5232b7\" data-element_type=\"column\">\n\t\t\t<div class=\"elementor-widget-wrap elementor-element-populated\">\n\t\t\t\t\t\t<div class=\"elementor-element elementor-element-d22b115 elementor-widget elementor-widget-image\" data-id=\"d22b115\" data-element_type=\"widget\" data-widget_type=\"image.default\">\n\t\t\t\t<div class=\"elementor-widget-container\">\n\t\t\t\t\t\t\t\t\t\t\t\t\t\t\t<img fetchpriority=\"high\" decoding=\"async\" width=\"1024\" height=\"768\" src=\"https:\/\/calime.com.mx\/wp-content\/uploads\/2021\/08\/Maniobras-CALDERA400C.C.-005-1024x768.jpg\" class=\"attachment-large size-large wp-image-375\" alt=\"\" srcset=\"https:\/\/calime.com.mx\/wp-content\/uploads\/2021\/08\/Maniobras-CALDERA400C.C.-005-1024x768.jpg 1024w, https:\/\/calime.com.mx\/wp-content\/uploads\/2021\/08\/Maniobras-CALDERA400C.C.-005-300x225.jpg 300w, https:\/\/calime.com.mx\/wp-content\/uploads\/2021\/08\/Maniobras-CALDERA400C.C.-005-768x576.jpg 768w, https:\/\/calime.com.mx\/wp-content\/uploads\/2021\/08\/Maniobras-CALDERA400C.C.-005-1536x1152.jpg 1536w, https:\/\/calime.com.mx\/wp-content\/uploads\/2021\/08\/Maniobras-CALDERA400C.C.-005-2048x1536.jpg 2048w\" sizes=\"(max-width: 1024px) 100vw, 1024px\" \/>\t\t\t\t\t\t\t\t\t\t\t\t\t\t\t<\/div>\n\t\t\t\t<\/div>\n\t\t\t\t\t<\/div>\n\t\t<\/div>\n\t\t\t\t<div class=\"elementor-column elementor-col-50 elementor-top-column elementor-element elementor-element-3cf1fd6\" data-id=\"3cf1fd6\" data-element_type=\"column\">\n\t\t\t<div class=\"elementor-widget-wrap elementor-element-populated\">\n\t\t\t\t\t\t<div class=\"elementor-element elementor-element-48d89661 elementor-widget elementor-widget-text-editor\" data-id=\"48d89661\" data-element_type=\"widget\" data-widget_type=\"text-editor.default\">\n\t\t\t\t<div class=\"elementor-widget-container\">\n\t\t\t\t\t\t\t\t\t<p>Somos una empresa 100% mexicana dedicada al servicio integral de calderas y al dise\u00f1o, conversi\u00f3n y montaje de l\u00edneas de gas LP y natural.<\/p>\t\t\t\t\t\t\t\t<\/div>\n\t\t\t\t<\/div>\n\t\t\t\t<div class=\"elementor-element elementor-element-63aba32 elementor-widget elementor-widget-text-editor\" data-id=\"63aba32\" data-element_type=\"widget\" data-widget_type=\"text-editor.default\">\n\t\t\t\t<div class=\"elementor-widget-container\">\n\t\t\t\t\t\t\t\t\t<p>Llevamos desde 1998 brindando un servicio con la mejor calidad, ofrecemos soluciones en ingenier\u00eda del vapor e instalaciones mec\u00e1nicas a nuestros clientes, garantizando as\u00ed eficacia y desarrollo en procesos industriales.<\/p>\t\t\t\t\t\t\t\t<\/div>\n\t\t\t\t<\/div>\n\t\t\t\t<div class=\"elementor-element elementor-element-a180b62 elementor-widget elementor-widget-text-editor\" data-id=\"a180b62\" data-element_type=\"widget\" data-widget_type=\"text-editor.default\">\n\t\t\t\t<div class=\"elementor-widget-container\">\n\t\t\t\t\t\t\t\t\t<p>D\u00eda a d\u00eda trabajamos con compromiso, iniciativa, integridad y responsabilidad para ser l\u00edderes en servicio industrial y en la innovaci\u00f3n mec\u00e1nica. Estamos a sus \u00f3rdenes.<\/p>\t\t\t\t\t\t\t\t<\/div>\n\t\t\t\t<\/div>\n\t\t\t\t\t<\/div>\n\t\t<\/div>\n\t\t\t\t\t<\/div>\n\t\t<\/section>\n\t\t\t\t<section class=\"elementor-section elementor-top-section elementor-element elementor-element-40a873ed elementor-section-content-top elementor-section-boxed elementor-section-height-default elementor-section-height-default\" data-id=\"40a873ed\" data-element_type=\"section\" data-settings=\"{&quot;background_background&quot;:&quot;classic&quot;}\">\n\t\t\t\t\t\t\t<div class=\"elementor-background-overlay\"><\/div>\n\t\t\t\t\t\t\t<div class=\"elementor-container elementor-column-gap-no\">\n\t\t\t\t\t<div class=\"elementor-column elementor-col-100 elementor-top-column elementor-element elementor-element-7b7e5e6f\" data-id=\"7b7e5e6f\" data-element_type=\"column\">\n\t\t\t<div class=\"elementor-widget-wrap elementor-element-populated\">\n\t\t\t\t\t\t<section class=\"elementor-section elementor-inner-section elementor-element elementor-element-34031a92 elementor-section-content-top elementor-section-boxed elementor-section-height-default elementor-section-height-default\" data-id=\"34031a92\" data-element_type=\"section\">\n\t\t\t\t\t\t<div class=\"elementor-container elementor-column-gap-no\">\n\t\t\t\t\t<div class=\"elementor-column elementor-col-25 elementor-inner-column elementor-element elementor-element-5448305b\" data-id=\"5448305b\" data-element_type=\"column\">\n\t\t\t<div class=\"elementor-widget-wrap elementor-element-populated\">\n\t\t\t\t\t\t<div class=\"elementor-element elementor-element-8b5a159 elementor-widget elementor-widget-heading\" data-id=\"8b5a159\" data-element_type=\"widget\" data-widget_type=\"heading.default\">\n\t\t\t\t<div class=\"elementor-widget-container\">\n\t\t\t\t\t<h2 class=\"elementor-heading-title elementor-size-default\">Los n\u00fameros hablan por s\u00ed mismos<\/h2>\t\t\t\t<\/div>\n\t\t\t\t<\/div>\n\t\t\t\t\t<\/div>\n\t\t<\/div>\n\t\t\t\t<div class=\"elementor-column elementor-col-25 elementor-inner-column elementor-element elementor-element-4633458d\" data-id=\"4633458d\" data-element_type=\"column\">\n\t\t\t<div class=\"elementor-widget-wrap elementor-element-populated\">\n\t\t\t\t\t\t<div class=\"elementor-element elementor-element-3203a315 elementor-widget elementor-widget-counter\" data-id=\"3203a315\" data-element_type=\"widget\" data-widget_type=\"counter.default\">\n\t\t\t\t<div class=\"elementor-widget-container\">\n\t\t\t\t\t\t\t<div class=\"elementor-counter\">\n\t\t\t<div class=\"elementor-counter-title\">Productos<\/div>\t\t\t<div class=\"elementor-counter-number-wrapper\">\n\t\t\t\t<span class=\"elementor-counter-number-prefix\"><\/span>\n\t\t\t\t<span class=\"elementor-counter-number\" data-duration=\"2000\" data-to-value=\"150\" data-from-value=\"0\" data-delimiter=\",\">0<\/span>\n\t\t\t\t<span class=\"elementor-counter-number-suffix\"><\/span>\n\t\t\t<\/div>\n\t\t<\/div>\n\t\t\t\t\t\t<\/div>\n\t\t\t\t<\/div>\n\t\t\t\t\t<\/div>\n\t\t<\/div>\n\t\t\t\t<div class=\"elementor-column elementor-col-25 elementor-inner-column elementor-element elementor-element-52bad5d5\" data-id=\"52bad5d5\" data-element_type=\"column\">\n\t\t\t<div class=\"elementor-widget-wrap elementor-element-populated\">\n\t\t\t\t\t\t<div class=\"elementor-element elementor-element-4267e238 elementor-widget elementor-widget-counter\" data-id=\"4267e238\" data-element_type=\"widget\" data-widget_type=\"counter.default\">\n\t\t\t\t<div class=\"elementor-widget-container\">\n\t\t\t\t\t\t\t<div class=\"elementor-counter\">\n\t\t\t<div class=\"elementor-counter-title\">A\u00f1os de Experiencia<\/div>\t\t\t<div class=\"elementor-counter-number-wrapper\">\n\t\t\t\t<span class=\"elementor-counter-number-prefix\"><\/span>\n\t\t\t\t<span class=\"elementor-counter-number\" data-duration=\"2000\" data-to-value=\"30\" data-from-value=\"0\" data-delimiter=\",\">0<\/span>\n\t\t\t\t<span class=\"elementor-counter-number-suffix\"><\/span>\n\t\t\t<\/div>\n\t\t<\/div>\n\t\t\t\t\t\t<\/div>\n\t\t\t\t<\/div>\n\t\t\t\t\t<\/div>\n\t\t<\/div>\n\t\t\t\t<div class=\"elementor-column elementor-col-25 elementor-inner-column elementor-element elementor-element-4e9c9540\" data-id=\"4e9c9540\" data-element_type=\"column\">\n\t\t\t<div class=\"elementor-widget-wrap elementor-element-populated\">\n\t\t\t\t\t\t<div class=\"elementor-element elementor-element-3bbb0bc4 elementor-widget elementor-widget-counter\" data-id=\"3bbb0bc4\" data-element_type=\"widget\" data-widget_type=\"counter.default\">\n\t\t\t\t<div class=\"elementor-widget-container\">\n\t\t\t\t\t\t\t<div class=\"elementor-counter\">\n\t\t\t<div class=\"elementor-counter-title\">Projectos Completos<\/div>\t\t\t<div class=\"elementor-counter-number-wrapper\">\n\t\t\t\t<span class=\"elementor-counter-number-prefix\"><\/span>\n\t\t\t\t<span class=\"elementor-counter-number\" data-duration=\"2000\" data-to-value=\"250\" data-from-value=\"0\" data-delimiter=\",\">0<\/span>\n\t\t\t\t<span class=\"elementor-counter-number-suffix\"><\/span>\n\t\t\t<\/div>\n\t\t<\/div>\n\t\t\t\t\t\t<\/div>\n\t\t\t\t<\/div>\n\t\t\t\t\t<\/div>\n\t\t<\/div>\n\t\t\t\t\t<\/div>\n\t\t<\/section>\n\t\t\t\t<div class=\"elementor-element elementor-element-e8d7b5f elementor-widget elementor-widget-heading\" data-id=\"e8d7b5f\" data-element_type=\"widget\" data-widget_type=\"heading.default\">\n\t\t\t\t<div class=\"elementor-widget-container\">\n\t\t\t\t\t<h2 class=\"elementor-heading-title elementor-size-default\">MISI\u00d3N:<\/h2>\t\t\t\t<\/div>\n\t\t\t\t<\/div>\n\t\t\t\t<div class=\"elementor-element elementor-element-f86e068 elementor-widget elementor-widget-text-editor\" data-id=\"f86e068\" data-element_type=\"widget\" data-widget_type=\"text-editor.default\">\n\t\t\t\t<div class=\"elementor-widget-container\">\n\t\t\t\t\t\t\t\t\t<p>Brindar un servicio con la mejor calidad en nuestro equipo, ofreciendo soluciones en ingenier\u00eda del vapor e instalaciones mec\u00e1nicas, a nuestros clientes, para garantizar eficiencia y desarrollo en procesos industriales.<\/p>\t\t\t\t\t\t\t\t<\/div>\n\t\t\t\t<\/div>\n\t\t\t\t<div class=\"elementor-element elementor-element-08b032c elementor-widget elementor-widget-heading\" data-id=\"08b032c\" data-element_type=\"widget\" data-widget_type=\"heading.default\">\n\t\t\t\t<div class=\"elementor-widget-container\">\n\t\t\t\t\t<h2 class=\"elementor-heading-title elementor-size-default\">VISI\u00d3N:<\/h2>\t\t\t\t<\/div>\n\t\t\t\t<\/div>\n\t\t\t\t<div class=\"elementor-element elementor-element-d267f92 elementor-widget elementor-widget-text-editor\" data-id=\"d267f92\" data-element_type=\"widget\" data-widget_type=\"text-editor.default\">\n\t\t\t\t<div class=\"elementor-widget-container\">\n\t\t\t\t\t\t\t\t\t<p>Ser la mejor opci\u00f3n en servicio industrial y l\u00edder en la innovaci\u00f3n mec\u00e1nica. Tener un impacto en el desarrollo de las empresas y en la sociedad mexicana.<\/p>\t\t\t\t\t\t\t\t<\/div>\n\t\t\t\t<\/div>\n\t\t\t\t\t<\/div>\n\t\t<\/div>\n\t\t\t\t\t<\/div>\n\t\t<\/section>\n\t\t\t\t<section class=\"elementor-section elementor-top-section elementor-element elementor-element-29ee2c9 elementor-section-boxed elementor-section-height-default elementor-section-height-default\" data-id=\"29ee2c9\" data-element_type=\"section\">\n\t\t\t\t\t\t<div class=\"elementor-container elementor-column-gap-default\">\n\t\t\t\t\t<div class=\"elementor-column elementor-col-66 elementor-top-column elementor-element elementor-element-2894475\" data-id=\"2894475\" data-element_type=\"column\">\n\t\t\t<div class=\"elementor-widget-wrap elementor-element-populated\">\n\t\t\t\t\t\t<div class=\"elementor-element elementor-element-93e64f4 elementor-widget elementor-widget-heading\" data-id=\"93e64f4\" data-element_type=\"widget\" data-widget_type=\"heading.default\">\n\t\t\t\t<div class=\"elementor-widget-container\">\n\t\t\t\t\t<h2 class=\"elementor-heading-title elementor-size-default\">VALORES:<\/h2>\t\t\t\t<\/div>\n\t\t\t\t<\/div>\n\t\t\t\t<div class=\"elementor-element elementor-element-95f38e9 elementor-widget elementor-widget-heading\" data-id=\"95f38e9\" data-element_type=\"widget\" data-widget_type=\"heading.default\">\n\t\t\t\t<div class=\"elementor-widget-container\">\n\t\t\t\t\t<h3 class=\"elementor-heading-title elementor-size-default\">Compromiso:<\/h3>\t\t\t\t<\/div>\n\t\t\t\t<\/div>\n\t\t\t\t<div class=\"elementor-element elementor-element-c9410c1 elementor-widget elementor-widget-text-editor\" data-id=\"c9410c1\" data-element_type=\"widget\" data-widget_type=\"text-editor.default\">\n\t\t\t\t<div class=\"elementor-widget-container\">\n\t\t\t\t\t\t\t\t\t<p>Una meta se logra con compromiso, sabemos que se requiere disciplina para llegar a ella. Estamos comprometidos con la calidad de nuestros servicios, la satisfacci\u00f3n de nuestros clientes y el bienestar de nuestros trabajadores.<\/p>\t\t\t\t\t\t\t\t<\/div>\n\t\t\t\t<\/div>\n\t\t\t\t<div class=\"elementor-element elementor-element-e39fe8d elementor-widget elementor-widget-heading\" data-id=\"e39fe8d\" data-element_type=\"widget\" data-widget_type=\"heading.default\">\n\t\t\t\t<div class=\"elementor-widget-container\">\n\t\t\t\t\t<h3 class=\"elementor-heading-title elementor-size-default\">Iniciativa:<\/h3>\t\t\t\t<\/div>\n\t\t\t\t<\/div>\n\t\t\t\t<div class=\"elementor-element elementor-element-5322bff elementor-widget elementor-widget-text-editor\" data-id=\"5322bff\" data-element_type=\"widget\" data-widget_type=\"text-editor.default\">\n\t\t\t\t<div class=\"elementor-widget-container\">\n\t\t\t\t\t\t\t\t\t<p>Convertimos una dificultad en una oportunidad. Tomamos acci\u00f3n sobre todas las oportunidades que se nos presenten. Con base en conocimiento t\u00e9cnico, prevenimos y actuamos de forma inmediata para llegar a una soluci\u00f3n.<\/p>\t\t\t\t\t\t\t\t<\/div>\n\t\t\t\t<\/div>\n\t\t\t\t<div class=\"elementor-element elementor-element-e97ccd8 elementor-widget elementor-widget-heading\" data-id=\"e97ccd8\" data-element_type=\"widget\" data-widget_type=\"heading.default\">\n\t\t\t\t<div class=\"elementor-widget-container\">\n\t\t\t\t\t<h3 class=\"elementor-heading-title elementor-size-default\">Integridad:<\/h3>\t\t\t\t<\/div>\n\t\t\t\t<\/div>\n\t\t\t\t<div class=\"elementor-element elementor-element-929e629 elementor-widget elementor-widget-text-editor\" data-id=\"929e629\" data-element_type=\"widget\" data-widget_type=\"text-editor.default\">\n\t\t\t\t<div class=\"elementor-widget-container\">\n\t\t\t\t\t\t\t\t\t<p>Somos \u00edntegros en nuestra practica laboral, congruentes con nuestras convicciones y valores, como son la honestidad y tolerancia. Creemos que la rectitud en todos los \u00e1mbitos hacen los negocios exitosos.<\/p>\t\t\t\t\t\t\t\t<\/div>\n\t\t\t\t<\/div>\n\t\t\t\t<div class=\"elementor-element elementor-element-e63fb53 elementor-widget elementor-widget-heading\" data-id=\"e63fb53\" data-element_type=\"widget\" data-widget_type=\"heading.default\">\n\t\t\t\t<div class=\"elementor-widget-container\">\n\t\t\t\t\t<h3 class=\"elementor-heading-title elementor-size-default\">Responsabilidad:<\/h3>\t\t\t\t<\/div>\n\t\t\t\t<\/div>\n\t\t\t\t<div class=\"elementor-element elementor-element-1b4fc71 elementor-widget elementor-widget-text-editor\" data-id=\"1b4fc71\" data-element_type=\"widget\" data-widget_type=\"text-editor.default\">\n\t\t\t\t<div class=\"elementor-widget-container\">\n\t\t\t\t\t\t\t\t\t<p>Asumimos responsabilidad de nuestras acciones. Somos responsables con nuestro entorno. Consideramos la autocr\u00edtica como una herramienta de suma importancia para poder tomar las mejores decisiones.<\/p>\t\t\t\t\t\t\t\t<\/div>\n\t\t\t\t<\/div>\n\t\t\t\t\t<\/div>\n\t\t<\/div>\n\t\t\t\t<div class=\"elementor-column elementor-col-33 elementor-top-column elementor-element elementor-element-86c8fb2\" data-id=\"86c8fb2\" data-element_type=\"column\">\n\t\t\t<div class=\"elementor-widget-wrap elementor-element-populated\">\n\t\t\t\t\t\t<div class=\"elementor-element elementor-element-a3196b7 elementor-widget elementor-widget-image\" data-id=\"a3196b7\" data-element_type=\"widget\" data-widget_type=\"image.default\">\n\t\t\t\t<div class=\"elementor-widget-container\">\n\t\t\t\t\t\t\t\t\t\t\t\t\t\t\t<img decoding=\"async\" width=\"576\" height=\"1024\" src=\"https:\/\/calime.com.mx\/wp-content\/uploads\/2021\/08\/ARRANQUE-CON-GAS-NATURAL-QUEMADOR-WEISHAUPT-576x1024.jpg\" class=\"attachment-large size-large wp-image-373\" alt=\"\" srcset=\"https:\/\/calime.com.mx\/wp-content\/uploads\/2021\/08\/ARRANQUE-CON-GAS-NATURAL-QUEMADOR-WEISHAUPT-576x1024.jpg 576w, https:\/\/calime.com.mx\/wp-content\/uploads\/2021\/08\/ARRANQUE-CON-GAS-NATURAL-QUEMADOR-WEISHAUPT-169x300.jpg 169w, https:\/\/calime.com.mx\/wp-content\/uploads\/2021\/08\/ARRANQUE-CON-GAS-NATURAL-QUEMADOR-WEISHAUPT-768x1365.jpg 768w, https:\/\/calime.com.mx\/wp-content\/uploads\/2021\/08\/ARRANQUE-CON-GAS-NATURAL-QUEMADOR-WEISHAUPT-864x1536.jpg 864w, https:\/\/calime.com.mx\/wp-content\/uploads\/2021\/08\/ARRANQUE-CON-GAS-NATURAL-QUEMADOR-WEISHAUPT-1152x2048.jpg 1152w, https:\/\/calime.com.mx\/wp-content\/uploads\/2021\/08\/ARRANQUE-CON-GAS-NATURAL-QUEMADOR-WEISHAUPT-scaled.jpg 1440w\" sizes=\"(max-width: 576px) 100vw, 576px\" \/>\t\t\t\t\t\t\t\t\t\t\t\t\t\t\t<\/div>\n\t\t\t\t<\/div>\n\t\t\t\t\t<\/div>\n\t\t<\/div>\n\t\t\t\t\t<\/div>\n\t\t<\/section>\n\t\t\t\t<section class=\"elementor-section elementor-top-section elementor-element elementor-element-d518956 elementor-section-boxed elementor-section-height-default elementor-section-height-default\" data-id=\"d518956\" data-element_type=\"section\">\n\t\t\t\t\t\t<div class=\"elementor-container elementor-column-gap-default\">\n\t\t\t\t\t<div class=\"elementor-column elementor-col-100 elementor-top-column elementor-element elementor-element-0505a7f\" data-id=\"0505a7f\" data-element_type=\"column\">\n\t\t\t<div class=\"elementor-widget-wrap elementor-element-populated\">\n\t\t\t\t\t\t<div class=\"elementor-element elementor-element-885f9f2 elementor-widget elementor-widget-image\" data-id=\"885f9f2\" data-element_type=\"widget\" data-widget_type=\"image.default\">\n\t\t\t\t<div class=\"elementor-widget-container\">\n\t\t\t\t\t\t\t\t\t\t\t\t\t\t\t<img decoding=\"async\" width=\"1024\" height=\"768\" src=\"https:\/\/calime.com.mx\/wp-content\/uploads\/2021\/08\/INSTALACION-CALDERAS-1024x768.jpg\" class=\"attachment-large size-large wp-image-374\" alt=\"\" srcset=\"https:\/\/calime.com.mx\/wp-content\/uploads\/2021\/08\/INSTALACION-CALDERAS-1024x768.jpg 1024w, https:\/\/calime.com.mx\/wp-content\/uploads\/2021\/08\/INSTALACION-CALDERAS-300x225.jpg 300w, https:\/\/calime.com.mx\/wp-content\/uploads\/2021\/08\/INSTALACION-CALDERAS-768x576.jpg 768w, https:\/\/calime.com.mx\/wp-content\/uploads\/2021\/08\/INSTALACION-CALDERAS-1536x1152.jpg 1536w, https:\/\/calime.com.mx\/wp-content\/uploads\/2021\/08\/INSTALACION-CALDERAS-2048x1536.jpg 2048w\" sizes=\"(max-width: 1024px) 100vw, 1024px\" \/>\t\t\t\t\t\t\t\t\t\t\t\t\t\t\t<\/div>\n\t\t\t\t<\/div>\n\t\t\t\t\t<\/div>\n\t\t<\/div>\n\t\t\t\t\t<\/div>\n\t\t<\/section>\n\t\t\t\t<\/div>\n\t\t","protected":false},"excerpt":{"rendered":"<p>About Us High Quality Tactical Solutions Finding A Permanent Solution Is Our Ultimate Goal! Since 1995, Our Team Has Succeeded In Understanding The Needs Of The Industry And Creating Reliable Products To Serve Them All. Proin gravida nibh vel velit auctor aliquet. Aenean sollicitudin, lorem quis bibendum auctor, nisi elit consequat ipsum, nec sagittis sem &hellip;<\/p>\n<p class=\"read-more\"> <a class=\"\" href=\"https:\/\/websitedemos.net\/sierra-industry-02\/about\/\"> <span class=\"screen-reader-text\">About<\/span> Read More &raquo;<\/a><\/p>\n","protected":false},"author":1,"featured_media":0,"parent":0,"menu_order":0,"comment_status":"closed","ping_status":"closed","template":"elementor_header_footer","meta":{"site-sidebar-layout":"no-sidebar","site-content-layout":"page-builder","ast-site-content-layout":"","site-content-style":"default","site-sidebar-style":"default","ast-global-header-display":"","ast-banner-title-visibility":"","ast-main-header-display":"","ast-hfb-above-header-display":"","ast-hfb-below-header-display":"","ast-hfb-mobile-header-display":"","site-post-title":"disabled","ast-breadcrumbs-content":"","ast-featured-img":"disabled","footer-sml-layout":"","theme-transparent-header-meta":"enabled","adv-header-id-meta":"","stick-header-meta":"","header-above-stick-meta":"","header-main-stick-meta":"","header-below-stick-meta":"","astra-migrate-meta-layouts":"default","ast-page-background-enabled":"default","ast-page-background-meta":{"desktop":{"background-color":"","background-image":"","background-repeat":"repeat","background-position":"center center","background-size":"auto","background-attachment":"scroll","background-type":"","background-media":"","overlay-type":"","overlay-color":"","overlay-opacity":"","overlay-gradient":""},"tablet":{"background-color":"","background-image":"","background-repeat":"repeat","background-position":"center center","background-size":"auto","background-attachment":"scroll","background-type":"","background-media":"","overlay-type":"","overlay-color":"","overlay-opacity":"","overlay-gradient":""},"mobile":{"background-color":"","background-image":"","background-repeat":"repeat","background-position":"center center","background-size":"auto","background-attachment":"scroll","background-type":"","background-media":"","overlay-type":"","overlay-color":"","overlay-opacity":"","overlay-gradient":""}},"ast-content-background-meta":{"desktop":{"background-color":"var(--ast-global-color-5)","background-image":"","background-repeat":"repeat","background-position":"center center","background-size":"auto","background-attachment":"scroll","background-type":"","background-media":"","overlay-type":"","overlay-color":"","overlay-opacity":"","overlay-gradient":""},"tablet":{"background-color":"var(--ast-global-color-5)","background-image":"","background-repeat":"repeat","background-position":"center center","background-size":"auto","background-attachment":"scroll","background-type":"","background-media":"","overlay-type":"","overlay-color":"","overlay-opacity":"","overlay-gradient":""},"mobile":{"background-color":"var(--ast-global-color-5)","background-image":"","background-repeat":"repeat","background-position":"center center","background-size":"auto","background-attachment":"scroll","background-type":"","background-media":"","overlay-type":"","overlay-color":"","overlay-opacity":"","overlay-gradient":""}},"footnotes":""},"class_list":["post-258","page","type-page","status-publish","hentry"],"_links":{"self":[{"href":"https:\/\/calime.com.mx\/index.php?rest_route=\/wp\/v2\/pages\/258","targetHints":{"allow":["GET"]}}],"collection":[{"href":"https:\/\/calime.com.mx\/index.php?rest_route=\/wp\/v2\/pages"}],"about":[{"href":"https:\/\/calime.com.mx\/index.php?rest_route=\/wp\/v2\/types\/page"}],"author":[{"embeddable":true,"href":"https:\/\/calime.com.mx\/index.php?rest_route=\/wp\/v2\/users\/1"}],"replies":[{"embeddable":true,"href":"https:\/\/calime.com.mx\/index.php?rest_route=%2Fwp%2Fv2%2Fcomments&post=258"}],"version-history":[{"count":16,"href":"https:\/\/calime.com.mx\/index.php?rest_route=\/wp\/v2\/pages\/258\/revisions"}],"predecessor-version":[{"id":456,"href":"https:\/\/calime.com.mx\/index.php?rest_route=\/wp\/v2\/pages\/258\/revisions\/456"}],"wp:attachment":[{"href":"https:\/\/calime.com.mx\/index.php?rest_route=%2Fwp%2Fv2%2Fmedia&parent=258"}],"curies":[{"name":"wp","href":"https:\/\/api.w.org\/{rel}","templated":true}]}}